{"id":1293,"date":"2026-01-20T14:24:23","date_gmt":"2026-01-20T20:24:23","guid":{"rendered":"https:\/\/www.baldihotsprings.cr\/gastronomy\/"},"modified":"2026-02-19T13:51:22","modified_gmt":"2026-02-19T19:51:22","slug":"gastronomy","status":"publish","type":"page","link":"https:\/\/www.baldihotsprings.cr\/es\/gastronomy\/","title":{"rendered":"Gastronom\u00eda"},"content":{"rendered":"\t\t<div data-elementor-type=\"wp-page\" data-elementor-id=\"1293\" class=\"elementor elementor-1293\" data-elementor-settings=\"{&quot;ha_cmc_init_switcher&quot;:&quot;no&quot;}\" data-elementor-post-type=\"page\">\n\t\t\t\t<div class=\"elementor-element elementor-element-d734883 e-con-full e-flex e-con e-parent\" data-id=\"d734883\" data-element_type=\"container\" data-e-type=\"container\" data-settings=\"{&quot;background_background&quot;:&quot;classic&quot;,&quot;_ha_eqh_enable&quot;:false}\">\n\t\t\t\t<div class=\"elementor-element elementor-element-d288e36 elementor-widget elementor-widget-heading\" data-id=\"d288e36\" data-element_type=\"widget\" data-e-type=\"widget\" data-widget_type=\"heading.default\">\n\t\t\t\t\t<h2 class=\"elementor-heading-title elementor-size-default\">Delicias gastron\u00f3micas en cada plato<\/h2>\t\t\t\t<\/div>\n\t\t\t\t<div class=\"elementor-element elementor-element-6be1c0d elementor-widget elementor-widget-text-editor\" data-id=\"6be1c0d\" data-element_type=\"widget\" data-e-type=\"widget\" data-widget_type=\"text-editor.default\">\n\t\t\t\t\t\t\t\t\tEl sabor de los ingredientes que vienen directamente de Italia se mezcla en la boca para dar el aut\u00e9ntico sabor tradicional de la cocina italiana.\t\t\t\t\t\t\t\t<\/div>\n\t\t\t\t<\/div>\n\t\t<div class=\"elementor-element elementor-element-5bb0dec e-flex e-con-boxed e-con e-parent\" data-id=\"5bb0dec\" data-element_type=\"container\" data-e-type=\"container\" data-settings=\"{&quot;background_background&quot;:&quot;classic&quot;,&quot;_ha_eqh_enable&quot;:false}\">\n\t\t\t\t\t<div class=\"e-con-inner\">\n\t\t\t\t<div class=\"elementor-element elementor-element-3e9a83a elementor-pagination-type-bullets elementor-pagination-position-outside elementor-widget elementor-widget-n-carousel\" data-id=\"3e9a83a\" data-element_type=\"widget\" data-e-type=\"widget\" data-settings=\"{&quot;carousel_items&quot;:[{&quot;slide_title&quot;:&quot;Slide #1&quot;,&quot;_id&quot;:&quot;9006172&quot;},{&quot;slide_title&quot;:&quot;Slide #2&quot;,&quot;_id&quot;:&quot;b1107ea&quot;}],&quot;slides_to_show&quot;:&quot;2&quot;,&quot;slides_to_scroll&quot;:&quot;1&quot;,&quot;slides_to_show_tablet&quot;:&quot;2&quot;,&quot;slides_to_show_mobile&quot;:&quot;1&quot;,&quot;speed&quot;:500,&quot;pagination&quot;:&quot;bullets&quot;,&quot;image_spacing_custom&quot;:{&quot;unit&quot;:&quot;px&quot;,&quot;size&quot;:10,&quot;sizes&quot;:[]},&quot;image_spacing_custom_tablet&quot;:{&quot;unit&quot;:&quot;px&quot;,&quot;size&quot;:&quot;&quot;,&quot;sizes&quot;:[]},&quot;image_spacing_custom_mobile&quot;:{&quot;unit&quot;:&quot;px&quot;,&quot;size&quot;:&quot;&quot;,&quot;sizes&quot;:[]}}\" data-widget_type=\"nested-carousel.default\">\n\t\t\t\t\t\t\t<div class=\"e-n-carousel swiper\" role=\"region\" aria-roledescription=\"carousel\" aria-label=\"Carousel\" dir=\"ltr\">\r\n\t\t\t<div class=\"swiper-wrapper\" aria-live=\"polite\">\r\n\t\t\t\t\t\t\t\t\t\t<div class=\"swiper-slide\" data-slide=\"1\" role=\"group\" aria-roledescription=\"slide\" aria-label=\"1 of 2\">\r\n\t\t\t\t\t\t\t<div class=\"elementor-element elementor-element-c98f2c8 e-flex e-con-boxed e-con e-child\" data-id=\"c98f2c8\" data-element_type=\"container\" data-e-type=\"container\" data-settings=\"{&quot;_ha_eqh_enable&quot;:false}\">\n\t\t\t\t\t<div class=\"e-con-inner\">\n\t\t<div class=\"elementor-element elementor-element-960c16c e-con-full e-flex e-con e-child\" data-id=\"960c16c\" data-element_type=\"container\" data-e-type=\"container\" data-settings=\"{&quot;_ha_eqh_enable&quot;:false}\">\n\t\t\t\t<div class=\"elementor-element elementor-element-a00f1ff elementor-widget elementor-widget-image\" data-id=\"a00f1ff\" data-element_type=\"widget\" data-e-type=\"widget\" data-widget_type=\"image.default\">\n\t\t\t\t\t\t\t\t\t\t\t\t\t\t\t<img fetchpriority=\"high\" decoding=\"async\" width=\"1500\" height=\"986\" src=\"https:\/\/www.baldihotsprings.cr\/wp-content\/uploads\/2026\/01\/0U8A8091-1.jpg\" class=\"attachment-full size-full wp-image-764\" alt=\"\" srcset=\"https:\/\/www.baldihotsprings.cr\/wp-content\/uploads\/2026\/01\/0U8A8091-1.jpg 1500w, https:\/\/www.baldihotsprings.cr\/wp-content\/uploads\/2026\/01\/0U8A8091-1-300x197.jpg 300w, https:\/\/www.baldihotsprings.cr\/wp-content\/uploads\/2026\/01\/0U8A8091-1-1024x673.jpg 1024w, https:\/\/www.baldihotsprings.cr\/wp-content\/uploads\/2026\/01\/0U8A8091-1-768x505.jpg 768w\" sizes=\"(max-width: 1500px) 100vw, 1500px\" \/>\t\t\t\t\t\t\t\t\t\t\t\t\t\t\t<\/div>\n\t\t\t\t<div class=\"elementor-element elementor-element-56e07cc elementor-widget elementor-widget-heading\" data-id=\"56e07cc\" data-element_type=\"widget\" data-e-type=\"widget\" data-widget_type=\"heading.default\">\n\t\t\t\t\t<h2 class=\"elementor-heading-title elementor-size-default\">Restaurante Virgita<\/h2>\t\t\t\t<\/div>\n\t\t\t\t<div class=\"elementor-element elementor-element-1a1217b elementor-widget elementor-widget-heading\" data-id=\"1a1217b\" data-element_type=\"widget\" data-e-type=\"widget\" data-widget_type=\"heading.default\">\n\t\t\t\t\t<h2 class=\"elementor-heading-title elementor-size-default\">Cocina tradicional y gourmet.<\/h2>\t\t\t\t<\/div>\n\t\t\t\t<div class=\"elementor-element elementor-element-cd61e47 elementor-widget-divider--view-line elementor-widget elementor-widget-divider\" data-id=\"cd61e47\" data-element_type=\"widget\" data-e-type=\"widget\" data-widget_type=\"divider.default\">\n\t\t\t\t\t\t\t<div class=\"elementor-divider\">\n\t\t\t<span class=\"elementor-divider-separator\">\n\t\t\t\t\t\t<\/span>\n\t\t<\/div>\n\t\t\t\t\t\t<\/div>\n\t\t\t\t<div class=\"elementor-element elementor-element-ac336a6 elementor-widget elementor-widget-text-editor\" data-id=\"ac336a6\" data-element_type=\"widget\" data-e-type=\"widget\" data-widget_type=\"text-editor.default\">\n\t\t\t\t\t\t\t\t\tEl sonido de las cascadas termales al mediod\u00eda es la m\u00fasica de fondo de nuestra terraza al aire libre, mientras que el comedor en la puerta ofrece un ambiente acogedor y c\u00e1lido, por lo que Ristorante Virgita es un lugar especial para disfrutar de una combinaci\u00f3n de platos de Costa Rica italianos y locales.\t\t\t\t\t\t\t\t<\/div>\n\t\t\t\t<\/div>\n\t\t\t\t\t<\/div>\n\t\t\t\t<\/div>\n\t\t\t\t\t\t\t\t<\/div>\r\n\t\t\t\t\t\t\t\t\t\t\t<div class=\"swiper-slide\" data-slide=\"2\" role=\"group\" aria-roledescription=\"slide\" aria-label=\"2 of 2\">\r\n\t\t\t\t\t\t\t<div class=\"elementor-element elementor-element-6a4e19e e-flex e-con-boxed e-con e-child\" data-id=\"6a4e19e\" data-element_type=\"container\" data-e-type=\"container\" data-settings=\"{&quot;_ha_eqh_enable&quot;:false}\">\n\t\t\t\t\t<div class=\"e-con-inner\">\n\t\t<div class=\"elementor-element elementor-element-b904d87 e-con-full e-flex e-con e-child\" data-id=\"b904d87\" data-element_type=\"container\" data-e-type=\"container\" data-settings=\"{&quot;animation&quot;:&quot;none&quot;,&quot;_ha_eqh_enable&quot;:false}\">\n\t\t\t\t<div class=\"elementor-element elementor-element-56ab870 elementor-widget elementor-widget-image\" data-id=\"56ab870\" data-element_type=\"widget\" data-e-type=\"widget\" data-widget_type=\"image.default\">\n\t\t\t\t\t\t\t\t\t\t\t\t\t\t\t<img decoding=\"async\" width=\"1500\" height=\"986\" src=\"https:\/\/www.baldihotsprings.cr\/wp-content\/uploads\/2026\/02\/home-restaurant.jpg.jpeg\" class=\"attachment-full size-full wp-image-1589\" alt=\"\" srcset=\"https:\/\/www.baldihotsprings.cr\/wp-content\/uploads\/2026\/02\/home-restaurant.jpg.jpeg 1500w, https:\/\/www.baldihotsprings.cr\/wp-content\/uploads\/2026\/02\/home-restaurant.jpg-300x197.jpeg 300w, https:\/\/www.baldihotsprings.cr\/wp-content\/uploads\/2026\/02\/home-restaurant.jpg-1024x673.jpeg 1024w, https:\/\/www.baldihotsprings.cr\/wp-content\/uploads\/2026\/02\/home-restaurant.jpg-768x505.jpeg 768w\" sizes=\"(max-width: 1500px) 100vw, 1500px\" \/>\t\t\t\t\t\t\t\t\t\t\t\t\t\t\t<\/div>\n\t\t\t\t<div class=\"elementor-element elementor-element-23febb9 elementor-widget elementor-widget-heading\" data-id=\"23febb9\" data-element_type=\"widget\" data-e-type=\"widget\" data-widget_type=\"heading.default\">\n\t\t\t\t\t<h2 class=\"elementor-heading-title elementor-size-default\">RESTAURANTE PYRAMID<\/h2>\t\t\t\t<\/div>\n\t\t\t\t<div class=\"elementor-element elementor-element-ec92613 elementor-widget-divider--view-line elementor-widget elementor-widget-divider\" data-id=\"ec92613\" data-element_type=\"widget\" data-e-type=\"widget\" data-widget_type=\"divider.default\">\n\t\t\t\t\t\t\t<div class=\"elementor-divider\">\n\t\t\t<span class=\"elementor-divider-separator\">\n\t\t\t\t\t\t<\/span>\n\t\t<\/div>\n\t\t\t\t\t\t<\/div>\n\t\t\t\t<div class=\"elementor-element elementor-element-91200cb elementor-widget elementor-widget-text-editor\" data-id=\"91200cb\" data-element_type=\"widget\" data-e-type=\"widget\" data-widget_type=\"text-editor.default\">\n\t\t\t\t\t\t\t\t\tRestaurante Pyramid es el lugar para tomar un descanso y recargar su energ\u00eda para seguir\ndisfrutando de la belleza del paisaje y lugares de inter\u00e9s ofrecido en Baldi Hot Springs.\t\t\t\t\t\t\t\t<\/div>\n\t\t\t\t<\/div>\n\t\t\t\t\t<\/div>\n\t\t\t\t<\/div>\n\t\t\t\t\t\t\t\t<\/div>\r\n\t\t\t\t\t\t\t\t<\/div>\r\n\t\t<\/div>\r\n\t\t\t\t\t<div class=\"swiper-pagination\"><\/div>\r\n\t\t\t\t\t\t<\/div>\n\t\t\t\t\t<\/div>\n\t\t\t\t<\/div>\n\t\t<div class=\"elementor-element elementor-element-d60b685 e-flex e-con-boxed e-con e-parent\" data-id=\"d60b685\" data-element_type=\"container\" data-e-type=\"container\" data-settings=\"{&quot;background_background&quot;:&quot;classic&quot;,&quot;_ha_eqh_enable&quot;:false}\">\n\t\t\t\t\t<div class=\"e-con-inner\">\n\t\t<div class=\"elementor-element elementor-element-57d58e9 e-con-full e-flex e-con e-child\" data-id=\"57d58e9\" data-element_type=\"container\" data-e-type=\"container\" data-settings=\"{&quot;background_background&quot;:&quot;classic&quot;,&quot;_ha_eqh_enable&quot;:false}\">\n\t\t\t\t<div class=\"elementor-element elementor-element-22f2414 elementor-widget elementor-widget-heading\" data-id=\"22f2414\" data-element_type=\"widget\" data-e-type=\"widget\" data-widget_type=\"heading.default\">\n\t\t\t\t\t<h2 class=\"elementor-heading-title elementor-size-default\">Nuestro personal le har\u00e1 sentir en un ambiente distinguido y acogedor, ser\u00e1 un gusto recibirle y saludarte en nuestro amplio y c\u00f3modo comedor,\ndonde se le atender\u00e1 con un toque personal para que disfrute de un exquisito almuerzo o cena.<\/h2>\t\t\t\t<\/div>\n\t\t\t\t<\/div>\n\t\t\t\t\t<\/div>\n\t\t\t\t<\/div>\n\t\t<div class=\"elementor-element elementor-element-f0a9966 e-flex e-con-boxed e-con e-parent\" data-id=\"f0a9966\" data-element_type=\"container\" data-e-type=\"container\" data-settings=\"{&quot;_ha_eqh_enable&quot;:false}\">\n\t\t\t\t\t<div class=\"e-con-inner\">\n\t\t<div class=\"elementor-element elementor-element-217837b e-con-full e-flex e-con e-child\" data-id=\"217837b\" data-element_type=\"container\" data-e-type=\"container\" data-settings=\"{&quot;_ha_eqh_enable&quot;:false}\">\n\t\t\t\t<div class=\"elementor-element elementor-element-23e1a5a elementor-widget elementor-widget-image\" data-id=\"23e1a5a\" data-element_type=\"widget\" data-e-type=\"widget\" data-widget_type=\"image.default\">\n\t\t\t\t\t\t\t\t\t\t\t\t\t\t\t<img decoding=\"async\" width=\"1001\" height=\"667\" src=\"https:\/\/www.baldihotsprings.cr\/wp-content\/uploads\/2026\/01\/0U8A8105-1.jpg\" class=\"attachment-large size-large wp-image-782\" alt=\"\" srcset=\"https:\/\/www.baldihotsprings.cr\/wp-content\/uploads\/2026\/01\/0U8A8105-1.jpg 1001w, https:\/\/www.baldihotsprings.cr\/wp-content\/uploads\/2026\/01\/0U8A8105-1-300x200.jpg 300w, https:\/\/www.baldihotsprings.cr\/wp-content\/uploads\/2026\/01\/0U8A8105-1-768x512.jpg 768w\" sizes=\"(max-width: 1001px) 100vw, 1001px\" \/>\t\t\t\t\t\t\t\t\t\t\t\t\t\t\t<\/div>\n\t\t\t\t<\/div>\n\t\t<div class=\"elementor-element elementor-element-259169e e-con-full e-flex e-con e-child\" data-id=\"259169e\" data-element_type=\"container\" data-e-type=\"container\" data-settings=\"{&quot;_ha_eqh_enable&quot;:false}\">\n\t\t\t\t<div class=\"elementor-element elementor-element-aa7b247 elementor-widget elementor-widget-text-editor\" data-id=\"aa7b247\" data-element_type=\"widget\" data-e-type=\"widget\" data-widget_type=\"text-editor.default\">\n\t\t\t\t\t\t\t\t\tDisfruta de la mejor cocina: Estrat\u00e9gicamente ubicado y rodeado de jardines tropicales con un dise\u00f1o exclusivo uso de materiales c\u00e1lidos desde donde se tiene una vista espectacular del volc\u00e1n Arenal en todo su esplendor, este restaurante ofrece la mejor selecci\u00f3n de platos de Costa Rica.\n\t\t\t\t\t\t\t\t<\/div>\n\t\t\t\t<\/div>\n\t\t\t\t\t<\/div>\n\t\t\t\t<\/div>\n\t\t<div class=\"elementor-element elementor-element-3d8eb47 elementor-hidden-desktop elementor-hidden-tablet e-flex e-con-boxed e-con e-parent\" data-id=\"3d8eb47\" data-element_type=\"container\" data-e-type=\"container\" data-settings=\"{&quot;_ha_eqh_enable&quot;:false}\">\n\t\t\t\t\t<div class=\"e-con-inner\">\n\t\t<div class=\"elementor-element elementor-element-c485f20 e-con-full e-flex e-con e-child\" data-id=\"c485f20\" data-element_type=\"container\" data-e-type=\"container\" data-settings=\"{&quot;_ha_eqh_enable&quot;:false}\">\n\t\t\t\t<div class=\"elementor-element elementor-element-c37dae7 elementor-widget elementor-widget-image\" data-id=\"c37dae7\" data-element_type=\"widget\" data-e-type=\"widget\" data-widget_type=\"image.default\">\n\t\t\t\t\t\t\t\t\t\t\t\t\t\t\t<img loading=\"lazy\" decoding=\"async\" width=\"1001\" height=\"667\" src=\"https:\/\/www.baldihotsprings.cr\/wp-content\/uploads\/2026\/01\/0U8A8126-1.jpg\" class=\"attachment-large size-large wp-image-784\" alt=\"\" srcset=\"https:\/\/www.baldihotsprings.cr\/wp-content\/uploads\/2026\/01\/0U8A8126-1.jpg 1001w, https:\/\/www.baldihotsprings.cr\/wp-content\/uploads\/2026\/01\/0U8A8126-1-300x200.jpg 300w, https:\/\/www.baldihotsprings.cr\/wp-content\/uploads\/2026\/01\/0U8A8126-1-768x512.jpg 768w\" sizes=\"(max-width: 1001px) 100vw, 1001px\" \/>\t\t\t\t\t\t\t\t\t\t\t\t\t\t\t<\/div>\n\t\t\t\t<\/div>\n\t\t<div class=\"elementor-element elementor-element-4a3d989 e-con-full e-flex e-con e-child\" data-id=\"4a3d989\" data-element_type=\"container\" data-e-type=\"container\" data-settings=\"{&quot;_ha_eqh_enable&quot;:false}\">\n\t\t\t\t<div class=\"elementor-element elementor-element-5c8e05a elementor-widget elementor-widget-text-editor\" data-id=\"5c8e05a\" data-element_type=\"widget\" data-e-type=\"widget\" data-widget_type=\"text-editor.default\">\n\t\t\t\t\t\t\t\t\t<p>Nuestro restaurante a la carta que ofrece una amplia selecci\u00f3n de deliciosos platos y las bebidas m\u00e1s finas.<br \/>Descubre deliciosos sabores en cada plato.<\/p>\t\t\t\t\t\t\t\t<\/div>\n\t\t\t\t<\/div>\n\t\t\t\t\t<\/div>\n\t\t\t\t<\/div>\n\t\t<div class=\"elementor-element elementor-element-c695464 elementor-hidden-mobile e-flex e-con-boxed e-con e-parent\" data-id=\"c695464\" data-element_type=\"container\" data-e-type=\"container\" data-settings=\"{&quot;_ha_eqh_enable&quot;:false}\">\n\t\t\t\t\t<div class=\"e-con-inner\">\n\t\t<div class=\"elementor-element elementor-element-bf8450d e-con-full e-flex e-con e-child\" data-id=\"bf8450d\" data-element_type=\"container\" data-e-type=\"container\" data-settings=\"{&quot;_ha_eqh_enable&quot;:false}\">\n\t\t\t\t<div class=\"elementor-element elementor-element-4f9db83 elementor-widget elementor-widget-text-editor\" data-id=\"4f9db83\" data-element_type=\"widget\" data-e-type=\"widget\" data-widget_type=\"text-editor.default\">\n\t\t\t\t\t\t\t\t\t<p>Nuestro restaurante a la carta que ofrece una amplia selecci\u00f3n de deliciosos platos y las bebidas m\u00e1s finas.<br \/>Descubre deliciosos sabores en cada plato.<\/p>\t\t\t\t\t\t\t\t<\/div>\n\t\t\t\t<\/div>\n\t\t<div class=\"elementor-element elementor-element-3ef084d e-con-full e-flex e-con e-child\" data-id=\"3ef084d\" data-element_type=\"container\" data-e-type=\"container\" data-settings=\"{&quot;_ha_eqh_enable&quot;:false}\">\n\t\t\t\t<div class=\"elementor-element elementor-element-eb096e2 elementor-widget elementor-widget-image\" data-id=\"eb096e2\" data-element_type=\"widget\" data-e-type=\"widget\" data-widget_type=\"image.default\">\n\t\t\t\t\t\t\t\t\t\t\t\t\t\t\t<img loading=\"lazy\" decoding=\"async\" width=\"1001\" height=\"667\" src=\"https:\/\/www.baldihotsprings.cr\/wp-content\/uploads\/2026\/01\/0U8A8126-1.jpg\" class=\"attachment-large size-large wp-image-784\" alt=\"\" srcset=\"https:\/\/www.baldihotsprings.cr\/wp-content\/uploads\/2026\/01\/0U8A8126-1.jpg 1001w, https:\/\/www.baldihotsprings.cr\/wp-content\/uploads\/2026\/01\/0U8A8126-1-300x200.jpg 300w, https:\/\/www.baldihotsprings.cr\/wp-content\/uploads\/2026\/01\/0U8A8126-1-768x512.jpg 768w\" sizes=\"(max-width: 1001px) 100vw, 1001px\" \/>\t\t\t\t\t\t\t\t\t\t\t\t\t\t\t<\/div>\n\t\t\t\t<\/div>\n\t\t\t\t\t<\/div>\n\t\t\t\t<\/div>\n\t\t\t\t<\/div>\n\t\t","protected":false},"excerpt":{"rendered":"<p>Delicias gastron\u00f3micas en cada plato El sabor de los ingredientes que vienen directamente de Italia se mezcla en la boca [&hellip;]<\/p>\n","protected":false},"author":1,"featured_media":0,"parent":0,"menu_order":0,"comment_status":"closed","ping_status":"closed","template":"","meta":{"site-sidebar-layout":"no-sidebar","site-content-layout":"","ast-site-content-layout":"full-width-container","site-content-style":"default","site-sidebar-style":"default","ast-global-header-display":"","ast-banner-title-visibility":"","ast-main-header-display":"","ast-hfb-above-header-display":"","ast-hfb-below-header-display":"","ast-hfb-mobile-header-display":"","site-post-title":"","ast-breadcrumbs-content":"","ast-featured-img":"disabled","footer-sml-layout":"","ast-disable-related-posts":"","theme-transparent-header-meta":"","adv-header-id-meta":"","stick-header-meta":"","header-above-stick-meta":"","header-main-stick-meta":"","header-below-stick-meta":"","astra-migrate-meta-layouts":"default","ast-page-background-enabled":"default","ast-page-background-meta":{"desktop":{"background-color":"var(--ast-global-color-5)","background-image":"","background-repeat":"repeat","background-position":"center center","background-size":"auto","background-attachment":"scroll","background-type":"","background-media":"","overlay-type":"","overlay-color":"","overlay-opacity":"","overlay-gradient":""},"tablet":{"background-color":"","background-image":"","background-repeat":"repeat","background-position":"center center","background-size":"auto","background-attachment":"scroll","background-type":"","background-media":"","overlay-type":"","overlay-color":"","overlay-opacity":"","overlay-gradient":""},"mobile":{"background-color":"","background-image":"","background-repeat":"repeat","background-position":"center center","background-size":"auto","background-attachment":"scroll","background-type":"","background-media":"","overlay-type":"","overlay-color":"","overlay-opacity":"","overlay-gradient":""}},"ast-content-background-meta":{"desktop":{"background-color":"var(--ast-global-color-4)","background-image":"","background-repeat":"repeat","background-position":"center center","background-size":"auto","background-attachment":"scroll","background-type":"","background-media":"","overlay-type":"","overlay-color":"","overlay-opacity":"","overlay-gradient":""},"tablet":{"background-color":"var(--ast-global-color-4)","background-image":"","background-repeat":"repeat","background-position":"center center","background-size":"auto","background-attachment":"scroll","background-type":"","background-media":"","overlay-type":"","overlay-color":"","overlay-opacity":"","overlay-gradient":""},"mobile":{"background-color":"var(--ast-global-color-4)","background-image":"","background-repeat":"repeat","background-position":"center center","background-size":"auto","background-attachment":"scroll","background-type":"","background-media":"","overlay-type":"","overlay-color":"","overlay-opacity":"","overlay-gradient":""}},"footnotes":""},"class_list":["post-1293","page","type-page","status-publish","hentry"],"_links":{"self":[{"href":"https:\/\/www.baldihotsprings.cr\/es\/wp-json\/wp\/v2\/pages\/1293","targetHints":{"allow":["GET"]}}],"collection":[{"href":"https:\/\/www.baldihotsprings.cr\/es\/wp-json\/wp\/v2\/pages"}],"about":[{"href":"https:\/\/www.baldihotsprings.cr\/es\/wp-json\/wp\/v2\/types\/page"}],"author":[{"embeddable":true,"href":"https:\/\/www.baldihotsprings.cr\/es\/wp-json\/wp\/v2\/users\/1"}],"replies":[{"embeddable":true,"href":"https:\/\/www.baldihotsprings.cr\/es\/wp-json\/wp\/v2\/comments?post=1293"}],"version-history":[{"count":7,"href":"https:\/\/www.baldihotsprings.cr\/es\/wp-json\/wp\/v2\/pages\/1293\/revisions"}],"predecessor-version":[{"id":1595,"href":"https:\/\/www.baldihotsprings.cr\/es\/wp-json\/wp\/v2\/pages\/1293\/revisions\/1595"}],"wp:attachment":[{"href":"https:\/\/www.baldihotsprings.cr\/es\/wp-json\/wp\/v2\/media?parent=1293"}],"curies":[{"name":"wp","href":"https:\/\/api.w.org\/{rel}","templated":true}]}}